{"id":6004,"date":"2022-08-29T13:05:39","date_gmt":"2022-08-29T11:05:39","guid":{"rendered":"https:\/\/emermix.pl\/?page_id=6004"},"modified":"2022-08-29T13:40:06","modified_gmt":"2022-08-29T11:40:06","slug":"mine-supply","status":"publish","type":"page","link":"https:\/\/emermix.pl\/en\/mine-supply\/","title":{"rendered":"Mine supply"},"content":{"rendered":"<div class=\"wpb-content-wrapper\"><p>[vc_row full_width=&#8221;stretch_row&#8221; background_attachment=&#8221;fixed&#8221; overlay_background=&#8221;custom&#8221; overlay_opacity=&#8221;40&#8243; background_image=&#8221;5722&#8243; background_position=&#8221;center&#8221;][vc_column][tm_spacer size=&#8221;sm:170;md:220;lg:272&#8243;][tm_heading custom_google_font=&#8221;&#8221; text_color=&#8221;custom&#8221; custom_text_color=&#8221;#ffffff&#8221; text=&#8221;Mine supply&#8221; font_size=&#8221;sm:40;md:48;lg:56&#8243; line_height=&#8221;1.41&#8243;][tm_heading tag=&#8221;h4&#8243; custom_google_font=&#8221;&#8221; google_fonts=&#8221;font_family:Poppins%3A300%2Cregular%2C500%2C600%2C700|font_style:500%20medium%20regular%3A500%3Anormal&#8221; font_decoration=&#8221;underline&#8221; text_color=&#8221;custom&#8221; custom_text_color=&#8221;#ffffff&#8221; text=&#8221;Emermix&#8221; font_size=&#8221;sm:20;md:20;lg:20&#8243; line_height=&#8221;1.41&#8243;][tm_spacer size=&#8221;sm:170;md:220;lg:272&#8243;][\/vc_column][\/vc_row][vc_row full_width=&#8221;stretch_row_content&#8221; separator_type=&#8221;square&#8221; separator_position=&#8221;top&#8221; separator_color=&#8221;primary&#8221; lg_spacing=&#8221;margin_top:50&#8243; el_class=&#8221;square&#8221; separator_height=&#8221;lg:100&#8243;][vc_column background_color=&#8221;custom&#8221; background_repeat=&#8221;repeat&#8221; background_size=&#8221;auto&#8221; overlay_background=&#8221;custom&#8221; overlay_custom_background=&#8221;#ffffff&#8221; overlay_opacity=&#8221;90&#8243; custom_background_color=&#8221;#f7f7f7&#8243; background_image=&#8221;1465&#8243;][tm_spacer size=&#8221;lg:100&#8243;][vc_row_inner][vc_column_inner width=&#8221;1\/2&#8243;][tm_image image=&#8221;5992&#8243; box_shadow=&#8221;0 20px 30px #ccc&#8221;][tm_spacer size=&#8221;xs:32&#8243;][\/vc_column_inner][vc_column_inner width=&#8221;1\/2&#8243; lg_spacing=&#8221;padding_left:32&#8243;][tm_heading custom_google_font=&#8221;&#8221; text_color=&#8221;custom&#8221; custom_text_color=&#8221;#020202&#8243; text=&#8221;Mine supply&#8221; font_size=&#8221;lg:26&#8243; line_height=&#8221;1.41&#8243;][tm_spacer size=&#8221;lg:32&#8243;][vc_column_text]<strong>Doradztwo in\u017cynieryjne:<\/strong><\/p>\n<ul>\n<li>energetyka, automatyka,<\/li>\n<li>hydraulika, mechanika maszyn i urz\u0105dze\u0144 przemys\u0142owych<\/li>\n<\/ul>\n<p><strong>Dostawa towar\u00f3w<\/strong>:<\/p>\n<ul>\n<li>energetyka (przewody, transformatory)<\/li>\n<li>automatyka sieci informatyczne, hydraulika (wszelkie zawory no\u017cowe, kulowe, )<\/li>\n<\/ul>\n<p><strong>Us\u0142ugi serwisowe :<\/strong><\/p>\n<ul>\n<li>serwis i naprawy maszyn i urz\u0105dze\u0144,<\/li>\n<li>technika spr\u0119\u017conego powietrza<\/li>\n<\/ul>\n<p>[\/vc_column_text][\/vc_column_inner][\/vc_row_inner][tm_spacer size=&#8221;lg:100&#8243;][\/vc_column][\/vc_row]<\/p>\n<\/div>","protected":false},"excerpt":{"rendered":"<p>[vc_row full_width=&#8221;stretch_row&#8221; background_attachment=&#8221;fixed&#8221; overlay_background=&#8221;custom&#8221; overlay_opacity=&#8221;40&#8243; background_image=&#8221;5722&#8243; background_position=&#8221;center&#8221;][vc_column][tm_spacer size=&#8221;sm:170;md:220;lg:272&#8243;][tm_heading custom_google_font=&#8221;&#8221; text_color=&#8221;custom&#8221; custom_text_color=&#8221;#ffffff&#8221; text=&#8221;Mine supply&#8221; font_size=&#8221;sm:40;md:48;lg:56&#8243; line_height=&#8221;1.41&#8243;][tm_heading tag=&#8221;h4&#8243; custom_google_font=&#8221;&#8221; google_fonts=&#8221;font_family:Poppins%3A300%2Cregular%2C500%2C600%2C700|font_style:500%20medium%20regular%3A500%3Anormal&#8221; font_decoration=&#8221;underline&#8221; text_color=&#8221;custom&#8221; custom_text_color=&#8221;#ffffff&#8221; text=&#8221;Emermix&#8221; font_size=&#8221;sm:20;md:20;lg:20&#8243; line_height=&#8221;1.41&#8243;][tm_spacer size=&#8221;sm:170;md:220;lg:272&#8243;][\/vc_column][\/vc_row][vc_row full_width=&#8221;stretch_row_content&#8221; separator_type=&#8221;square&#8221; separator_position=&#8221;top&#8221; separator_color=&#8221;primary&#8221; lg_spacing=&#8221;margin_top:50&#8243; el_class=&#8221;square&#8221; separator_height=&#8221;lg:100&#8243;][vc_column background_color=&#8221;custom&#8221; background_repeat=&#8221;repeat&#8221; background_size=&#8221;auto&#8221; overlay_background=&#8221;custom&#8221; overlay_custom_background=&#8221;#ffffff&#8221; overlay_opacity=&#8221;90&#8243; custom_background_color=&#8221;#f7f7f7&#8243; background_image=&#8221;1465&#8243;][tm_spacer size=&#8221;lg:100&#8243;][vc_row_inner][vc_column_inner width=&#8221;1\/2&#8243;][tm_image image=&#8221;5992&#8243; box_shadow=&#8221;0 20px 30px #ccc&#8221;][tm_spacer size=&#8221;xs:32&#8243;][\/vc_column_inner][vc_column_inner width=&#8221;1\/2&#8243; lg_spacing=&#8221;padding_left:32&#8243;][tm_heading custom_google_font=&#8221;&#8221; text_color=&#8221;custom&#8221; custom_text_color=&#8221;#020202&#8243; text=&#8221;Mine supply&#8221; font_size=&#8221;lg:26&#8243; line_height=&#8221;1.41&#8243;][tm_spacer size=&#8221;lg:32&#8243;][vc_column_text]Doradztwo in\u017cynieryjne: energetyka, automatyka, hydraulika, mechanika maszyn i urz\u0105dze\u0144 przemys\u0142owych Dostawa towar\u00f3w: energetyka (przewody, transformatory) automatyka sieci informatyczne, hydraulika (wszelkie zawory no\u017cowe, kulowe, ) Us\u0142ugi serwisowe : serwis i naprawy maszyn i urz\u0105dze\u0144, technika spr\u0119\u017conego powietrza [\/vc_column_text][\/vc_column_inner][\/vc_row_inner][tm_spacer size=&#8221;lg:100&#8243;][\/vc_column][\/vc_row]<\/p>\n","protected":false},"author":1,"featured_media":0,"parent":0,"menu_order":0,"comment_status":"closed","ping_status":"closed","template":"","meta":{"footnotes":""},"class_list":["post-6004","page","type-page","status-publish","hentry","post-no-thumbnail"],"_links":{"self":[{"href":"https:\/\/emermix.pl\/en\/wp-json\/wp\/v2\/pages\/6004","targetHints":{"allow":["GET"]}}],"collection":[{"href":"https:\/\/emermix.pl\/en\/wp-json\/wp\/v2\/pages"}],"about":[{"href":"https:\/\/emermix.pl\/en\/wp-json\/wp\/v2\/types\/page"}],"author":[{"embeddable":true,"href":"https:\/\/emermix.pl\/en\/wp-json\/wp\/v2\/users\/1"}],"replies":[{"embeddable":true,"href":"https:\/\/emermix.pl\/en\/wp-json\/wp\/v2\/comments?post=6004"}],"version-history":[{"count":0,"href":"https:\/\/emermix.pl\/en\/wp-json\/wp\/v2\/pages\/6004\/revisions"}],"wp:attachment":[{"href":"https:\/\/emermix.pl\/en\/wp-json\/wp\/v2\/media?parent=6004"}],"curies":[{"name":"wp","href":"https:\/\/api.w.org\/{rel}","templated":true}]}}